{"id":913,"date":"2021-01-20T08:33:14","date_gmt":"2021-01-20T07:33:14","guid":{"rendered":"https:\/\/brinklake.btecsystems.de\/?page_id=913"},"modified":"2021-09-16T10:42:40","modified_gmt":"2021-09-16T08:42:40","slug":"produkte","status":"publish","type":"page","link":"https:\/\/brinklake.btecsystems.de\/de\/produkte\/","title":{"rendered":"Produkte"},"content":{"rendered":"\n<div class=\"wp-block-group\"><div class=\"wp-block-group__inner-container is-layout-flow wp-block-group-is-layout-flow\">\n<h2 class=\"wp-block-heading\">Produkte<\/h2>\n\n\n\n<div class=\"wp-block-columns is-layout-flex wp-container-core-columns-is-layout-9d6595d7 wp-block-columns-is-layout-flex\">\n<div class=\"wp-block-column is-vertically-aligned-top is-layout-flow wp-block-column-is-layout-flow\">\n<div class=\"wp-block-image\"><figure class=\"aligncenter size-full\"><a href=\"https:\/\/brinklake.btecsystems.de\/produktkategorie\/waschgeraete\/\"><img loading=\"lazy\" decoding=\"async\" width=\"397\" height=\"495\" src=\"https:\/\/brinklake.btecsystems.de\/wp-content\/uploads\/sites\/5\/2021\/02\/waschgereate.png\" alt=\"\" class=\"wp-image-1215\" srcset=\"https:\/\/brinklake.btecsystems.de\/wp-content\/uploads\/sites\/5\/2021\/02\/waschgereate.png 397w, https:\/\/brinklake.btecsystems.de\/wp-content\/uploads\/sites\/5\/2021\/02\/waschgereate-209x260.png 209w\" sizes=\"auto, (max-width: 397px) 100vw, 397px\" \/><\/a><\/figure><\/div>\n\n\n\n<h3 class=\"wp-block-heading\">Waschger\u00e4te<\/h3>\n\n\n\n<p>Reinigungsger\u00e4te f\u00fcr Lackierpistolen und Teile.<\/p>\n\n\n\n<div class=\"wp-block-buttons is-content-justification-left is-layout-flex wp-block-buttons-is-layout-flex\">\n<div class=\"wp-block-button\"><a class=\"wp-block-button__link\" href=\"https:\/\/brinklake.btecsystems.de\/produktkategorie\/waschgeraete\/\"><strong>B-TEC Waschger\u00e4te<\/strong><\/a><\/div>\n\n\n\n<div class=\"wp-block-button\"><a class=\"wp-block-button__link\" href=\"https:\/\/brinklake.btecsystems.de\/produkte\/waschgerate-leitfaden\/\/\"><strong>Waschger\u00e4te-Leitfaden<\/strong><\/a><\/div>\n<\/div>\n\n\n\n<p><\/p>\n<\/div>\n\n\n\n<div class=\"wp-block-column is-vertically-aligned-top is-layout-flow wp-block-column-is-layout-flow\">\n<div class=\"wp-block-image\"><figure class=\"aligncenter size-full\"><a href=\"https:\/\/brinklake.btecsystems.de\/produktkategorie\/trocknungstechnik\/\"><img loading=\"lazy\" decoding=\"async\" width=\"399\" height=\"496\" src=\"https:\/\/brinklake.btecsystems.de\/wp-content\/uploads\/sites\/5\/2021\/02\/trocknungstechnik.png\" alt=\"\" class=\"wp-image-1218\" srcset=\"https:\/\/brinklake.btecsystems.de\/wp-content\/uploads\/sites\/5\/2021\/02\/trocknungstechnik.png 399w, https:\/\/brinklake.btecsystems.de\/wp-content\/uploads\/sites\/5\/2021\/02\/trocknungstechnik-209x260.png 209w\" sizes=\"auto, (max-width: 399px) 100vw, 399px\" \/><\/a><\/figure><\/div>\n\n\n\n<h3 class=\"wp-block-heading\">Trocknungstechnik<\/h3>\n\n\n\n<p>Infrarot- und UV-Strahler zur effizienten Trocknung von Lacken.<\/p>\n\n\n\n<div class=\"wp-block-buttons is-layout-flex wp-block-buttons-is-layout-flex\">\n<div class=\"wp-block-button\"><a class=\"wp-block-button__link\" href=\"https:\/\/brinklake.btecsystems.de\/produktkategorie\/trocknungstechnik\/\"><strong>B-TEC Trocknungstechnik<\/strong><\/a><\/div>\n<\/div>\n\n\n\n<p><\/p>\n<\/div>\n\n\n\n<div class=\"wp-block-column is-vertically-aligned-top is-layout-flow wp-block-column-is-layout-flow\">\n<div class=\"wp-block-image\"><figure class=\"aligncenter size-full\"><a href=\"https:\/\/brinklake.btecsystems.de\/produktkategorie\/hebebuehnen\/\"><img loading=\"lazy\" decoding=\"async\" width=\"399\" height=\"495\" src=\"https:\/\/brinklake.btecsystems.de\/wp-content\/uploads\/sites\/5\/2021\/03\/hebebuehne-header.png\" alt=\"\" class=\"wp-image-1382\" srcset=\"https:\/\/brinklake.btecsystems.de\/wp-content\/uploads\/sites\/5\/2021\/03\/hebebuehne-header.png 399w, https:\/\/brinklake.btecsystems.de\/wp-content\/uploads\/sites\/5\/2021\/03\/hebebuehne-header-210x260.png 210w\" sizes=\"auto, (max-width: 399px) 100vw, 399px\" \/><\/a><\/figure><\/div>\n\n\n\n<h3 class=\"wp-block-heading\">Hebeb\u00fchne<\/h3>\n\n\n\n<p>Fahrzeughebeb\u00fchnen mit h\u00f6chster Tragkraft.<\/p>\n\n\n\n<div class=\"wp-block-buttons is-layout-flex wp-block-buttons-is-layout-flex\">\n<div class=\"wp-block-button\"><a class=\"wp-block-button__link\" href=\"https:\/\/brinklake.btecsystems.de\/produktkategorie\/hebebuehnen\/\"><strong>B-TEC Hebeb\u00fchne<\/strong><\/a><\/div>\n<\/div>\n\n\n\n<p><\/p>\n<\/div>\n<\/div>\n<\/div><\/div>\n\n\n\n<div class=\"wp-block-group\"><div class=\"wp-block-group__inner-container is-layout-flow wp-block-group-is-layout-flow\">\n<div class=\"wp-block-columns is-layout-flex wp-container-core-columns-is-layout-9d6595d7 wp-block-columns-is-layout-flex\">\n<div class=\"wp-block-column is-vertically-aligned-top is-layout-flow wp-block-column-is-layout-flow\">\n<div class=\"wp-block-image\"><figure class=\"aligncenter size-full\"><a href=\"https:\/\/brinklake.btecsystems.de\/produktkategorie\/arbeitstische\/\"><img loading=\"lazy\" decoding=\"async\" width=\"794\" height=\"990\" src=\"https:\/\/brinklake.btecsystems.de\/wp-content\/uploads\/sites\/5\/2021\/05\/arbeitstische.png\" alt=\"\" class=\"wp-image-3813\" srcset=\"https:\/\/brinklake.btecsystems.de\/wp-content\/uploads\/sites\/5\/2021\/05\/arbeitstische.png 794w, https:\/\/brinklake.btecsystems.de\/wp-content\/uploads\/sites\/5\/2021\/05\/arbeitstische-209x260.png 209w, https:\/\/brinklake.btecsystems.de\/wp-content\/uploads\/sites\/5\/2021\/05\/arbeitstische-768x958.png 768w\" sizes=\"auto, (max-width: 794px) 100vw, 794px\" \/><\/a><\/figure><\/div>\n\n\n\n<h3 class=\"wp-block-heading\">Arbeitstische<\/h3>\n\n\n\n<p>Farbanmisch- und R\u00fcsttische &#8211; Die umfassende Ausstattung f\u00fcr den Vorbereitungsraum.<\/p>\n\n\n\n<div class=\"wp-block-buttons is-content-justification-left is-layout-flex wp-block-buttons-is-layout-flex\">\n<div class=\"wp-block-button\"><a class=\"wp-block-button__link\" href=\"https:\/\/brinklake.btecsystems.de\/produktkategorie\/arbeitstische\/\"><strong>B-TEC Arbeitstische<\/strong><\/a><\/div>\n<\/div>\n<\/div>\n\n\n\n<div class=\"wp-block-column is-vertically-aligned-top is-layout-flow wp-block-column-is-layout-flow\">\n<div class=\"wp-block-image\"><figure class=\"aligncenter size-full\"><a href=\"https:\/\/brinklake.btecsystems.de\/produktkategorie\/zubehoer\/\"><img loading=\"lazy\" decoding=\"async\" width=\"397\" height=\"496\" src=\"https:\/\/brinklake.btecsystems.de\/wp-content\/uploads\/sites\/5\/2021\/02\/zubehoer.png\" alt=\"\" class=\"wp-image-1217\" srcset=\"https:\/\/brinklake.btecsystems.de\/wp-content\/uploads\/sites\/5\/2021\/02\/zubehoer.png 397w, https:\/\/brinklake.btecsystems.de\/wp-content\/uploads\/sites\/5\/2021\/02\/zubehoer-208x260.png 208w\" sizes=\"auto, (max-width: 397px) 100vw, 397px\" \/><\/a><\/figure><\/div>\n\n\n\n<h3 class=\"wp-block-heading\">Zubeh\u00f6r<\/h3>\n\n\n\n<p>Alles, was der professionelle Lackierer ben\u00f6tigt.<\/p>\n\n\n\n<div class=\"wp-block-buttons is-layout-flex wp-block-buttons-is-layout-flex\">\n<div class=\"wp-block-button\"><a class=\"wp-block-button__link\" href=\"https:\/\/brinklake.btecsystems.de\/produktkategorie\/zubehoer\/\"><strong>B-TEC Zubeh\u00f6r<\/strong><\/a><\/div>\n<\/div>\n<\/div>\n\n\n\n<div class=\"wp-block-column is-vertically-aligned-bottom is-layout-flow wp-block-column-is-layout-flow\"><\/div>\n<\/div>\n<\/div><\/div>\n","protected":false},"excerpt":{"rendered":"<p>Produkte Waschger\u00e4te Reinigungsger\u00e4te f\u00fcr Lackierpistolen und Teile. Trocknungstechnik Infrarot- und UV-Strahler zur effizienten Trocknung von Lacken. Hebeb\u00fchne Fahrzeughebeb\u00fchnen mit h\u00f6chster Tragkraft. Arbeitstische Farbanmisch- und R\u00fcsttische &#8211; Die umfassende Ausstattung f\u00fcr den Vorbereitungsraum. Zubeh\u00f6r Alles, was der professionelle Lackierer ben\u00f6tigt.<\/p>\n","protected":false},"author":1,"featured_media":0,"parent":0,"menu_order":10,"comment_status":"closed","ping_status":"closed","template":"","meta":{"footnotes":""},"class_list":["post-913","page","type-page","status-publish","hentry"],"_links":{"self":[{"href":"https:\/\/brinklake.btecsystems.de\/de\/wp-json\/wp\/v2\/pages\/913","targetHints":{"allow":["GET"]}}],"collection":[{"href":"https:\/\/brinklake.btecsystems.de\/de\/wp-json\/wp\/v2\/pages"}],"about":[{"href":"https:\/\/brinklake.btecsystems.de\/de\/wp-json\/wp\/v2\/types\/page"}],"author":[{"embeddable":true,"href":"https:\/\/brinklake.btecsystems.de\/de\/wp-json\/wp\/v2\/users\/1"}],"replies":[{"embeddable":true,"href":"https:\/\/brinklake.btecsystems.de\/de\/wp-json\/wp\/v2\/comments?post=913"}],"version-history":[{"count":98,"href":"https:\/\/brinklake.btecsystems.de\/de\/wp-json\/wp\/v2\/pages\/913\/revisions"}],"predecessor-version":[{"id":5416,"href":"https:\/\/brinklake.btecsystems.de\/de\/wp-json\/wp\/v2\/pages\/913\/revisions\/5416"}],"wp:attachment":[{"href":"https:\/\/brinklake.btecsystems.de\/de\/wp-json\/wp\/v2\/media?parent=913"}],"curies":[{"name":"wp","href":"https:\/\/api.w.org\/{rel}","templated":true}]}}