{"id":6,"date":"2020-06-12T13:18:31","date_gmt":"2020-06-12T11:18:31","guid":{"rendered":"https:\/\/brinklake.btecsystems.de\/?page_id=6"},"modified":"2021-08-27T22:33:43","modified_gmt":"2021-08-27T20:33:43","slug":"startseite","status":"publish","type":"page","link":"https:\/\/brinklake.btecsystems.de\/de\/","title":{"rendered":"Startseite"},"content":{"rendered":"\n<div class=\"wp-block-group\"><div class=\"wp-block-group__inner-container is-layout-flow wp-block-group-is-layout-flow\">\n<h2 class=\"wp-block-heading\">B-TEC Produkte<\/h2>\n\n\n<div class=\"produktkategorien_wrapper\"><div class=\"produktkategorien_inner\"><div class=\"produktkategorie\"><div class=\"produktkategorie_inner\"><div class=\"produktkategorie_img\" style=\"background: url(https:\/\/brinklake.btecsystems.de\/wp-content\/uploads\/sites\/5\/2020\/06\/waschgeraete.jpg) no-repeat center \/ cover\"><\/div><a href=\"https:\/\/brinklake.btecsystems.de\/de\/product-category\/waschgeraete\/\" title=\"Waschger\u00e4te\"><span class=\"polygon\">Waschger\u00e4te<\/span><\/a><\/div><\/div><div class=\"produktkategorie\"><div class=\"produktkategorie_inner\"><div class=\"produktkategorie_img\" style=\"background: url(https:\/\/brinklake.btecsystems.de\/wp-content\/uploads\/sites\/5\/2020\/06\/trocknungstechnik.jpg) no-repeat center \/ cover\"><\/div><a href=\"https:\/\/brinklake.btecsystems.de\/de\/product-category\/trocknungstechnik\/\" title=\"Trocknungs&shy;technik\"><span class=\"polygon\">Trocknungs&shy;technik<\/span><\/a><\/div><\/div><div class=\"produktkategorie\"><div class=\"produktkategorie_inner\"><div class=\"produktkategorie_img\" style=\"background: url(https:\/\/brinklake.btecsystems.de\/wp-content\/uploads\/sites\/5\/2021\/03\/hebebuehne-bg.jpg) no-repeat center \/ cover\"><\/div><a href=\"https:\/\/brinklake.btecsystems.de\/de\/product-category\/hebebuehnen\/\" title=\"Hebeb\u00fchnen\"><span class=\"polygon\">Hebeb\u00fchnen<\/span><\/a><\/div><\/div><div class=\"produktkategorie\"><div class=\"produktkategorie_inner\"><div class=\"produktkategorie_img\" style=\"background: url(https:\/\/brinklake.btecsystems.de\/wp-content\/uploads\/sites\/5\/2021\/03\/arbeitstische-bg.jpg) no-repeat center \/ cover\"><\/div><a href=\"https:\/\/brinklake.btecsystems.de\/de\/product-category\/arbeitstische\/\" title=\"Arbeitstische\"><span class=\"polygon\">Arbeitstische<\/span><\/a><\/div><\/div><div class=\"produktkategorie\"><div class=\"produktkategorie_inner\"><div class=\"produktkategorie_img\" style=\"background: url(https:\/\/brinklake.btecsystems.de\/wp-content\/uploads\/sites\/5\/2021\/03\/zubehoer-bg.jpg) no-repeat center \/ cover\"><\/div><a href=\"https:\/\/brinklake.btecsystems.de\/de\/product-category\/zubehoer\/\" title=\"Zubeh\u00f6r\"><span class=\"polygon\">Zubeh\u00f6r<\/span><\/a><\/div><\/div><\/div><\/div>\n<\/div><\/div>\n\n\n\n<div class=\"wp-block-group\"><div class=\"wp-block-group__inner-container is-layout-flow wp-block-group-is-layout-flow\">\n<h2 class=\"wp-block-heading\">B-TEC Highlights<\/h2>\n\n\n<div class=\"highlights_wrapper\"><div class=\"highlight\"><div class=\"highlight_inner\"><a class=\"bildlink\" href=\"https:\/\/brinklake.btecsystems.de\/de\/products\/ir-b08\/\" title=\"IR-B08-Evolution\"><div class=\"produkt_shortdesc\"><strong>Kurzbeschreibung:<\/strong><br \/><p>Kurzwelliger Infrarot-Strahler mit acht goldbedampften Leuchtr\u00f6hren & Reflektoren auch f\u00fcr gro\u00dfe Trocknungsfl\u00e4chen.<\/p><\/div><img decoding=\"async\" src=\"https:\/\/brinklake.btecsystems.de\/wp-content\/uploads\/sites\/5\/2021\/04\/b08-evo-thumb-194x260.png\" alt=\"IR-B08-Evolution\" \/><\/a><div class=\"polygon_wrapper\"><a class=\"polygon\" href=\"https:\/\/brinklake.btecsystems.de\/de\/products\/ir-b08\/\" title=\"IR-B08-Evolution\">IR-B08-Evolution<\/a><\/div><div class=\"highligh_categorie\">Infrarot-Strahler<\/div><\/div><\/div><div class=\"highlight\"><div class=\"highlight_inner\"><a class=\"bildlink\" href=\"https:\/\/brinklake.btecsystems.de\/de\/products\/d-800\/\" title=\"d-800\"><div class=\"produkt_shortdesc\"><strong>Kurzbeschreibung:<\/strong><br \/><p>Zwei universelle Waschger\u00e4te in einem platzsparenden Geh\u00e4use f\u00fcr w\u00e4ssrige Reiniger und L\u00f6semittel - die Superlative unter den Lackierpistolen-Waschger\u00e4ten.<\/p><\/div><img decoding=\"async\" src=\"https:\/\/brinklake.btecsystems.de\/wp-content\/uploads\/sites\/5\/2021\/04\/d-800-thumb.png\" alt=\"d-800\" \/><\/a><div class=\"polygon_wrapper\"><a class=\"polygon\" href=\"https:\/\/brinklake.btecsystems.de\/de\/products\/d-800\/\" title=\"d-800\">d-800<\/a><\/div><div class=\"highligh_categorie\">Neo-Plus-Line<\/div><\/div><\/div><div class=\"highlight\"><div class=\"highlight_inner\"><a class=\"bildlink\" href=\"https:\/\/brinklake.btecsystems.de\/de\/products\/kando\/\" title=\"KANDO\"><div class=\"produkt_shortdesc\"><strong>Kurzbeschreibung:<\/strong><br \/><p>Das Wasserlack-Reinigungsger\u00e4t f\u00fcr Einweg-Bechersysteme.<\/p><\/div><img decoding=\"async\" src=\"https:\/\/brinklake.btecsystems.de\/wp-content\/uploads\/sites\/5\/2020\/07\/kando-thumb-1.png\" alt=\"KANDO\" \/><\/a><div class=\"polygon_wrapper\"><a class=\"polygon\" href=\"https:\/\/brinklake.btecsystems.de\/de\/products\/kando\/\" title=\"KANDO\">KANDO<\/a><\/div><div class=\"highligh_categorie\">Kando<\/div><\/div><\/div><div class=\"highlight\"><div class=\"highlight_inner\"><a class=\"bildlink\" href=\"https:\/\/brinklake.btecsystems.de\/de\/products\/ir-x2\/\" title=\"IR-X2\"><div class=\"produkt_shortdesc\"><strong>Kurzbeschreibung:<\/strong><br \/><p>Kurzwelliger Infrarotstrahler mit zwei Strahlerfeldern f\u00fcr mittlere Trocknungsfl\u00e4chen.<\/p><\/div><img decoding=\"async\" src=\"https:\/\/brinklake.btecsystems.de\/wp-content\/uploads\/sites\/5\/2021\/04\/ir-x2-thumb-208x260.png\" alt=\"IR-X2\" \/><\/a><div class=\"polygon_wrapper\"><a class=\"polygon\" href=\"https:\/\/brinklake.btecsystems.de\/de\/products\/ir-x2\/\" title=\"IR-X2\">IR-X2<\/a><\/div><div class=\"highligh_categorie\">Infrarot-Strahler<\/div><\/div><\/div><\/div>\n<\/div><\/div>\n\n\n\n<div style=\"height:20px\" aria-hidden=\"true\" class=\"wp-block-spacer\"><\/div>\n\n\n\n<div class=\"wp-block-group\"><div class=\"wp-block-group__inner-container is-layout-flow wp-block-group-is-layout-flow\">\n<div class=\"wp-block-columns is-layout-flex wp-container-core-columns-is-layout-9d6595d7 wp-block-columns-is-layout-flex\">\n<div class=\"wp-block-column is-layout-flow wp-block-column-is-layout-flow\" style=\"flex-basis:56%\">\n<figure class=\"wp-block-image size-large\"><img loading=\"lazy\" decoding=\"async\" width=\"536\" height=\"402\" src=\"https:\/\/brinklake.btecsystems.de\/wp-content\/uploads\/sites\/5\/2020\/06\/mann-an-maschine.jpg\" alt=\"\" class=\"wp-image-144\" srcset=\"https:\/\/brinklake.btecsystems.de\/wp-content\/uploads\/sites\/5\/2020\/06\/mann-an-maschine.jpg 536w, https:\/\/brinklake.btecsystems.de\/wp-content\/uploads\/sites\/5\/2020\/06\/mann-an-maschine-345x260.jpg 345w\" sizes=\"auto, (max-width: 536px) 100vw, 536px\" \/><\/figure>\n\n\n\n<figure class=\"wp-block-image size-large\"><img loading=\"lazy\" decoding=\"async\" width=\"748\" height=\"421\" src=\"https:\/\/brinklake.btecsystems.de\/wp-content\/uploads\/sites\/5\/2020\/06\/Ausstellung-B-TEC-2015-053.jpg\" alt=\"\" class=\"wp-image-95\" srcset=\"https:\/\/brinklake.btecsystems.de\/wp-content\/uploads\/sites\/5\/2020\/06\/Ausstellung-B-TEC-2015-053.jpg 748w, https:\/\/brinklake.btecsystems.de\/wp-content\/uploads\/sites\/5\/2020\/06\/Ausstellung-B-TEC-2015-053-345x194.jpg 345w\" sizes=\"auto, (max-width: 748px) 100vw, 748px\" \/><\/figure>\n<\/div>\n\n\n\n<div class=\"wp-block-column is-layout-flow wp-block-column-is-layout-flow\" style=\"flex-basis:44%\">\n<h2 class=\"wp-block-heading\">Unsere Mission<\/h2>\n\n\n\n<p>Wir entwickeln und produzieren <strong>innovative, umweltfreundliche, ergonomische und hochwertige Systeme und Anlagen<\/strong> f\u00fcr lackverarbeitende Betriebe.<\/p>\n\n\n\n<p>Nichts weniger als Perfektion ist dabei unser Anspruch \u2013 f\u00fcr optimalen Arbeitsschutz und h\u00f6chste Kundenzufriedenheit.<\/p>\n\n\n\n<div style=\"height:120px\" aria-hidden=\"true\" class=\"wp-block-spacer\"><\/div>\n\n\n\n<h2 class=\"wp-block-heading\">Unsere Vision<\/h2>\n\n\n\n<p>Wir m\u00f6chten Begeisterung schaffen und Arbeitspl\u00e4tze f\u00fcr morgen erm\u00f6glichen: mit Zubeh\u00f6r, das sich ergonomisch anpassen und intuitiv bedienen l\u00e4sst, Ihr f\u00fchrender Anbieter und Partner sein \u2013 in Deutschland, Europa und der ganzen Welt. <\/p>\n\n\n\n<p>Daf\u00fcr investieren wir konsequent in umweltschonende Zukunftstechnologien und entwickeln Innovationen, die nicht nur in der Anwendung \u00fcberzeugen sondern auch im Preis. Getreu unserem Motto: be better, be smart, B-TEC!<\/p>\n<\/div>\n<\/div>\n<\/div><\/div>\n","protected":false},"excerpt":{"rendered":"<p>B-TEC Produkte B-TEC Highlights Unsere Mission Wir entwickeln und produzieren innovative, umweltfreundliche, ergonomische und hochwertige Systeme und Anlagen f\u00fcr lackverarbeitende Betriebe. Nichts weniger als Perfektion ist dabei unser Anspruch \u2013 f\u00fcr optimalen Arbeitsschutz und h\u00f6chste Kundenzufriedenheit. Unsere Vision Wir m\u00f6chten Begeisterung schaffen und Arbeitspl\u00e4tze f\u00fcr morgen erm\u00f6glichen: mit Zubeh\u00f6r, das sich ergonomisch anpassen und intuitiv [&hellip;]<\/p>\n","protected":false},"author":1,"featured_media":226,"parent":0,"menu_order":0,"comment_status":"closed","ping_status":"closed","template":"","meta":{"footnotes":""},"class_list":["post-6","page","type-page","status-publish","has-post-thumbnail","hentry"],"_links":{"self":[{"href":"https:\/\/brinklake.btecsystems.de\/de\/wp-json\/wp\/v2\/pages\/6","targetHints":{"allow":["GET"]}}],"collection":[{"href":"https:\/\/brinklake.btecsystems.de\/de\/wp-json\/wp\/v2\/pages"}],"about":[{"href":"https:\/\/brinklake.btecsystems.de\/de\/wp-json\/wp\/v2\/types\/page"}],"author":[{"embeddable":true,"href":"https:\/\/brinklake.btecsystems.de\/de\/wp-json\/wp\/v2\/users\/1"}],"replies":[{"embeddable":true,"href":"https:\/\/brinklake.btecsystems.de\/de\/wp-json\/wp\/v2\/comments?post=6"}],"version-history":[{"count":30,"href":"https:\/\/brinklake.btecsystems.de\/de\/wp-json\/wp\/v2\/pages\/6\/revisions"}],"predecessor-version":[{"id":5326,"href":"https:\/\/brinklake.btecsystems.de\/de\/wp-json\/wp\/v2\/pages\/6\/revisions\/5326"}],"wp:featuredmedia":[{"embeddable":true,"href":"https:\/\/brinklake.btecsystems.de\/de\/wp-json\/wp\/v2\/media\/226"}],"wp:attachment":[{"href":"https:\/\/brinklake.btecsystems.de\/de\/wp-json\/wp\/v2\/media?parent=6"}],"curies":[{"name":"wp","href":"https:\/\/api.w.org\/{rel}","templated":true}]}}