{"id":21,"date":"2020-06-12T13:20:48","date_gmt":"2020-06-12T11:20:48","guid":{"rendered":"https:\/\/brinklake.btecsystems.de\/?page_id=21"},"modified":"2021-05-31T10:20:49","modified_gmt":"2021-05-31T08:20:49","slug":"impressum","status":"publish","type":"page","link":"https:\/\/brinklake.btecsystems.de\/de\/impressum\/","title":{"rendered":"Impressum"},"content":{"rendered":"\n<div class=\"wp-block-group\"><div class=\"wp-block-group__inner-container is-layout-flow wp-block-group-is-layout-flow\">\n<h3 class=\"wp-block-heading\">Inhaltlich verantwortlich<\/h3>\n\n\n\n<div class=\"wp-block-columns is-layout-flex wp-container-core-columns-is-layout-9d6595d7 wp-block-columns-is-layout-flex\">\n<div class=\"wp-block-column is-layout-flow wp-block-column-is-layout-flow\">\n<p><strong>B-TEC GmbH<\/strong><br>Zunftweg 6-8<br>31303 Burgdorf-Ehlershausen<br>Deutschland<\/p>\n\n\n\n<p>Tel. +49 (0) 5085 \/ 97 100 0<br>Fax. +49 (0) 5085 \/ 97 100 30<br><object height=\"0\">E-Mail: info@btecsystems.de<p><\/p><\/object><\/p>\n<\/div>\n\n\n\n<div class=\"wp-block-column is-layout-flow wp-block-column-is-layout-flow\">\n<p>Gesch\u00e4ftsf\u00fchrer: Michael Bellroth, Christian Bellroth<\/p>\n\n\n\n<p>Amtsgericht Hildesheim, HRB 35662<br>Firmensitz: 31303 Burgdorf<br>Ust-Id. \u00a7 27 a UStG: DE 206016163<br>WEEE-Reg.-Nr.: DE87105422<\/p>\n<\/div>\n<\/div>\n\n\n\n<hr class=\"wp-block-separator has-text-color has-background has-magenta-background-color has-magenta-color\"\/>\n\n\n\n<div class=\"wp-block-columns is-layout-flex wp-container-core-columns-is-layout-9d6595d7 wp-block-columns-is-layout-flex\">\n<div class=\"wp-block-column is-layout-flow wp-block-column-is-layout-flow\">\n<h3 class=\"wp-block-heading\">Bildnachweis<\/h3>\n\n\n\n<\/div>\n\n\n\n<div class=\"wp-block-column is-layout-flow wp-block-column-is-layout-flow\">\n<h3 class=\"wp-block-heading\">Haftungsausschluss<\/h3>\n\n\n\n<p>Der Autor \u00fcbernimmt keinerlei Gew\u00e4hr f\u00fcr die Aktualit\u00e4t, Korrektheit, Vollst\u00e4ndigkeit oder Qualit\u00e4t der bereitgestellten Informationen. Haftungsanspr\u00fcche gegen den Autor, welche sich auf Sch\u00e4den materieller oder ideeller Art beziehen, die durch die Nutzung oder Nichtnutzung der dargebotenen Informationen bzw. durch die Nutzung fehlerhafter und unvollst\u00e4ndiger Informationen verursacht wurden, sind grunds\u00e4tzlich ausgeschlossen, sofern seitens des Autors kein nachweislich vors\u00e4tzliches oder grob fahrl\u00e4ssiges Verschulden vorliegt. Alle Angebote sind freibleibend und unverbindlich. Der Autor beh\u00e4lt es sich ausdr\u00fccklich vor, Teile der Seiten oder das gesamte Angebot ohne gesonderte Ank\u00fcndigung zu ver\u00e4ndern, zu erg\u00e4nzen, zu l\u00f6schen oder die Ver\u00f6ffentlichung zeitweise oder endg\u00fcltig einzustellen.<\/p>\n<\/div>\n<\/div>\n\n\n\n<hr class=\"wp-block-separator has-text-color has-background has-magenta-background-color has-magenta-color\"\/>\n\n\n\n<div class=\"wp-block-columns is-layout-flex wp-container-core-columns-is-layout-9d6595d7 wp-block-columns-is-layout-flex\">\n<div class=\"wp-block-column is-layout-flow wp-block-column-is-layout-flow\">\n<h3 class=\"wp-block-heading\">Hinweis zu externen Links<\/h3>\n\n\n\n<p>Soweit von dieser Website auf andere Websites verlinkt wird, weisen wir darauf hin, dass wir keinerlei Einfluss auf die Gestaltung und die Inhalte der verlinkten Seiten haben und wir uns deren Inhalt nicht zu Eigen machen. Das gilt f\u00fcr alle auf dieser Seite ausgebrachten externen Link. F\u00fcr verlinkte Seiten gilt, dass rechtswidrige Inhalte zum Zeitpunkt der Verlinkung nicht erkennbar waren. Die Links werden regelm\u00e4\u00dfig auf rechtswidrige Inhalte \u00fcberpr\u00fcft und bei Rechtsverletzungen unverz\u00fcglich entfernt. Diese Feststellung gilt f\u00fcr alle innerhalb des eigenen Internetangebotes gesetzten Links und Verweise sowie f\u00fcr Fremdeintr\u00e4ge in vom Autor eingerichteten G\u00e4steb\u00fcchern, Diskussionsforen und Mailinglisten. F\u00fcr illegale, fehlerhafte oder unvollst\u00e4ndige Inhalte und insbesondere f\u00fcr Sch\u00e4den, die aus der Nutzung oder Nichtnutzung solcherart dargebotener Informationen entstehen, haftet allein der Anbieter der Seite, auf welche verwiesen wurde, nicht derjenige, der \u00fcber Links auf die jeweilige Ver\u00f6ffentlichung lediglich verweist.<\/p>\n<\/div>\n\n\n\n<div class=\"wp-block-column is-layout-flow wp-block-column-is-layout-flow\">\n<h3 class=\"wp-block-heading\">Urheberrechte<\/h3>\n\n\n\n<p>Der Autor ist bestrebt, in allen Publikationen die Urheberrechte der verwendeten Grafiken, Tondokumente, Videosequenzen und Texte zu beachten, von ihm selbst erstellte Grafiken, Tondokumente, Videosequenzen und Texte zu nutzen oder auf lizenzfreie Grafiken, Tondokumente, Videosequenzen und Texte zur\u00fcckzugreifen. Alle innerhalb des Internetangebotes genannten und ggf. durch Dritte gesch\u00fctzten Marken- und Warenzeichen unterliegen uneingeschr\u00e4nkt den Bestimmungen des jeweils g\u00fcltigen Kennzeichenrechts und den Besitzrechten der jeweiligen eingetragenen Eigent\u00fcmer. Allein aufgrund der blo\u00dfen Nennung ist nicht der Schlu\u00df zu ziehen, dass Markenzeichen nicht durch Rechte Dritter gesch\u00fctzt sind! Das Copyright f\u00fcr ver\u00f6ffentlichte, vom Autor selbst erstellte Objekte bleibt allein beim Autor der Seiten. Eine Vervielf\u00e4ltigung oder Verwendung solcher Grafiken, Tondokumente, Videosequenzen und Texte in anderen elektronischen oder gedruckten Publikationen ist ohne ausdr\u00fcckliche Zustimmung des Autors nicht gestattet.<\/p>\n<\/div>\n<\/div>\n\n\n\n<hr class=\"wp-block-separator has-text-color has-background has-magenta-background-color has-magenta-color\"\/>\n\n\n\n<h3 class=\"wp-block-heading\">Rechtswirksamkeit dieses Haftungsausschlusses<\/h3>\n\n\n\n<p>Dieser Haftungsausschluss ist als Teil des Internetangebotes zu betrachten, von dem aus auf diese Seite verwiesen wurde. Sofern Teile oder einzelne Formulierungen dieses Textes der geltenden Rechtslage nicht, nicht mehr oder nicht vollst\u00e4ndig entsprechen sollten, bleiben die \u00fcbrigen Teile des Dokumentes in ihrem Inhalt und ihrer G\u00fcltigkeit davon unber\u00fchrt.<\/p>\n<\/div><\/div>\n","protected":false},"excerpt":{"rendered":"<p>Inhaltlich verantwortlich B-TEC GmbHZunftweg 6-831303 Burgdorf-EhlershausenDeutschland Tel. +49 (0) 5085 \/ 97 100 0Fax. +49 (0) 5085 \/ 97 100 30E-Mail: info@btecsystems.de Gesch\u00e4ftsf\u00fchrer: Michael Bellroth, Christian Bellroth Amtsgericht Hildesheim, HRB 35662Firmensitz: 31303 BurgdorfUst-Id. \u00a7 27 a UStG: DE 206016163WEEE-Reg.-Nr.: DE87105422 Bildnachweis Haftungsausschluss Der Autor \u00fcbernimmt keinerlei Gew\u00e4hr f\u00fcr die Aktualit\u00e4t, Korrektheit, Vollst\u00e4ndigkeit oder Qualit\u00e4t der [&hellip;]<\/p>\n","protected":false},"author":1,"featured_media":0,"parent":0,"menu_order":998,"comment_status":"closed","ping_status":"closed","template":"","meta":{"footnotes":""},"class_list":["post-21","page","type-page","status-publish","hentry"],"_links":{"self":[{"href":"https:\/\/brinklake.btecsystems.de\/de\/wp-json\/wp\/v2\/pages\/21","targetHints":{"allow":["GET"]}}],"collection":[{"href":"https:\/\/brinklake.btecsystems.de\/de\/wp-json\/wp\/v2\/pages"}],"about":[{"href":"https:\/\/brinklake.btecsystems.de\/de\/wp-json\/wp\/v2\/types\/page"}],"author":[{"embeddable":true,"href":"https:\/\/brinklake.btecsystems.de\/de\/wp-json\/wp\/v2\/users\/1"}],"replies":[{"embeddable":true,"href":"https:\/\/brinklake.btecsystems.de\/de\/wp-json\/wp\/v2\/comments?post=21"}],"version-history":[{"count":8,"href":"https:\/\/brinklake.btecsystems.de\/de\/wp-json\/wp\/v2\/pages\/21\/revisions"}],"predecessor-version":[{"id":4958,"href":"https:\/\/brinklake.btecsystems.de\/de\/wp-json\/wp\/v2\/pages\/21\/revisions\/4958"}],"wp:attachment":[{"href":"https:\/\/brinklake.btecsystems.de\/de\/wp-json\/wp\/v2\/media?parent=21"}],"curies":[{"name":"wp","href":"https:\/\/api.w.org\/{rel}","templated":true}]}}