{"id":11,"date":"2020-06-12T13:19:31","date_gmt":"2020-06-12T11:19:31","guid":{"rendered":"https:\/\/brinklake.btecsystems.de\/?page_id=11"},"modified":"2021-08-27T22:47:27","modified_gmt":"2021-08-27T20:47:27","slug":"ueber-uns","status":"publish","type":"page","link":"https:\/\/brinklake.btecsystems.de\/de\/ueber-uns\/","title":{"rendered":"\u00dcber uns"},"content":{"rendered":"\n<div class=\"wp-block-group\"><div class=\"wp-block-group__inner-container is-layout-flow wp-block-group-is-layout-flow\">\n<div class=\"wp-block-columns is-layout-flex wp-container-core-columns-is-layout-9d6595d7 wp-block-columns-is-layout-flex\">\n<div class=\"wp-block-column is-layout-flow wp-block-column-is-layout-flow\">\n<h2 class=\"wp-block-heading\">UNSERE MISSION<\/h2>\n\n\n\n<p>Wir entwickeln und produzieren <strong>innovative, umweltfreundliche, ergonomische und hochwertige Systeme und Anlagen<\/strong> f\u00fcr lackverarbeitende Betriebe.<\/p>\n\n\n\n<p>Nichts weniger als Perfektion ist dabei unser Anspruch \u2013 f\u00fcr optimalen Arbeitsschutz und h\u00f6chste Kundenzufriedenheit.<\/p>\n<\/div>\n\n\n\n<div class=\"wp-block-column is-layout-flow wp-block-column-is-layout-flow\">\n<h2 class=\"wp-block-heading\">UNSERE VISION<\/h2>\n\n\n\n<p>Wir m\u00f6chten Begeisterung schaffen und Arbeitspl\u00e4tze f\u00fcr morgen erm\u00f6glichen: mit Zubeh\u00f6r, das sich ergonomisch anpassen und intuitiv bedienen l\u00e4sst, Ihr f\u00fchrender Anbieter und Partner sein \u2013 in Deutschland, Europa und der ganzen Welt.<\/p>\n\n\n\n<p>Daf\u00fcr investieren wir konsequent in umweltschonende Zukunftstechnologien und entwickeln Innovationen, die nicht nur in der Anwendung \u00fcberzeugen sondern auch im Preis. Getreu unserem Motto: be better, be smart, B-TEC!<\/p>\n<\/div>\n<\/div>\n<\/div><\/div>\n\n\n\n<div class=\"wp-block-group\"><div class=\"wp-block-group__inner-container is-layout-flow wp-block-group-is-layout-flow\">\n<h2 class=\"wp-block-heading\">Geschichte<\/h2>\n\n\n\n<div class=\"wp-block-group\"><div class=\"wp-block-group__inner-container is-layout-flow wp-block-group-is-layout-flow\">\n<div class=\"wp-block-group\"><div class=\"wp-block-group__inner-container is-layout-flow wp-block-group-is-layout-flow\">\n<div class=\"wp-block-columns is-layout-flex wp-container-core-columns-is-layout-9d6595d7 wp-block-columns-is-layout-flex\">\n<div class=\"wp-block-column is-layout-flow wp-block-column-is-layout-flow\" style=\"flex-basis:50%\">\n<p>Die Unternehmensgeschichte der Fa. B-TEC GmbH beginnt im Jahre 2000 mit der Gr\u00fcndung der Gesellschaft durch Hans-Joachim B\u00f6drich und Michael Bellroth. Nach zusammen mehr als 20 Jahren Erfahrung in der Lackierzubeh\u00f6rbranche, entschlossen sich die heutigen gesch\u00e4ftsf\u00fchrenden Gesellschafter ihre Expertise zusammenzutragen und ein Unternehmen zu gr\u00fcnden.<\/p>\n\n\n\n<p>Mit einer innovativen Idee zur Lackierpistolenreinigung entwickelten Hans-Joachim B\u00f6drich und Michael Bellroth, in einer kleinen Garage in Lehrte, unweit von Hannover, das weltweit erste Lackierpistolenreinigungsger\u00e4t mit ergonomischem Frontzugang. Der Grundstein f\u00fcr eine ganze Reihe von innovativen, langlebigen und ergonomischen Produkten f\u00fcr Lackierer war gelegt. Heute ist die Fa. B-TEC GmbH ein international agierendes, mittelst\u00e4ndisches Ger\u00e4te- und Anlagenbau-Unternehmen in der Lackierzubeh\u00f6rbranche.<\/p>\n\n\n\n<p><\/p>\n<\/div>\n\n\n\n<div class=\"wp-block-column is-layout-flow wp-block-column-is-layout-flow\">\n<figure class=\"wp-block-image size-large\"><img loading=\"lazy\" decoding=\"async\" width=\"270\" height=\"268\" src=\"https:\/\/brinklake.btecsystems.de\/wp-content\/uploads\/sites\/5\/2021\/02\/Bildschirmfoto-2021-02-12-um-14.27.21.png\" alt=\"\" class=\"wp-image-1132\" srcset=\"https:\/\/brinklake.btecsystems.de\/wp-content\/uploads\/sites\/5\/2021\/02\/Bildschirmfoto-2021-02-12-um-14.27.21.png 270w, https:\/\/brinklake.btecsystems.de\/wp-content\/uploads\/sites\/5\/2021\/02\/Bildschirmfoto-2021-02-12-um-14.27.21-262x260.png 262w, https:\/\/brinklake.btecsystems.de\/wp-content\/uploads\/sites\/5\/2021\/02\/Bildschirmfoto-2021-02-12-um-14.27.21-150x150.png 150w\" sizes=\"auto, (max-width: 270px) 100vw, 270px\" \/><\/figure>\n<\/div>\n<\/div>\n<\/div><\/div>\n\n\n\n<div class=\"wp-block-group\"><div class=\"wp-block-group__inner-container is-layout-flow wp-block-group-is-layout-flow\">\n<div class=\"wp-block-columns is-layout-flex wp-container-core-columns-is-layout-9d6595d7 wp-block-columns-is-layout-flex\">\n<div class=\"wp-block-column is-layout-flow wp-block-column-is-layout-flow\" style=\"flex-basis:50%\">\n<p>Die Produktpalette umfasst mittlerweile eine Vielzahl verschiedener Produkte, die auf die individuellen Bed\u00fcrfnisse unterschiedlichster Anwendungsbereiche abgestimmt sind. So liegt der Fokus nicht mehr nur alleine auf der Kernkompetenz \u201eReinigungsger\u00e4te f\u00fcr Lackierpistolen\u201c, sondern auch auf Hebeb\u00fchnen f\u00fcr Autos, Infrarotstrahlern zur Lacktrocknung und weiterem Lackiererzubeh\u00f6r wie z. B. fahrbare Ordnungssysteme oder umweltfreundlichen Wasserlackreinigern.<\/p>\n\n\n\n<p>Die Entwicklung aller Produkte steht stets vor dem Hintergrund, dem Anwender ein H\u00f6chstma\u00df an Arbeitssicherheit, Ergonomie, intuitiver Bedienbarkeit und Qualit\u00e4t zu bieten und das zu einem attraktiven Preis-Leistungs-Verh\u00e4ltnis.<\/p>\n\n\n\n<p>Dies f\u00fchrt dazu, dass die Fa. B-TEC GmbH bereits nach 13 Jahren Marktf\u00fchrer im Bereich Lackierpistolenreinigungsger\u00e4te in Deutschland ist. Weltweit vertrauen in \u00fcber 29 L\u00e4ndern lackverarbeitende Betriebe auf B-TEC Produkte, darunter namhafte Unternehmen u.A. aus der Automobilindustrie, Luft- und Raumfahrtechnik und der Elektroindustrie (<a rel=\"noreferrer noopener\" href=\"https:\/\/brinklake.btecsystems.de\/referenzen\" target=\"_blank\">Referenzen<\/a>).<\/p>\n\n\n\n<p><\/p>\n<\/div>\n\n\n\n<div class=\"wp-block-column is-layout-flow wp-block-column-is-layout-flow\">\n<figure class=\"wp-block-image size-large\"><img loading=\"lazy\" decoding=\"async\" width=\"359\" height=\"229\" src=\"https:\/\/brinklake.btecsystems.de\/wp-content\/uploads\/sites\/5\/2021\/02\/Bildschirmfoto-2021-02-12-um-13.20.48.png\" alt=\"\" class=\"wp-image-1062\" srcset=\"https:\/\/brinklake.btecsystems.de\/wp-content\/uploads\/sites\/5\/2021\/02\/Bildschirmfoto-2021-02-12-um-13.20.48.png 359w, https:\/\/brinklake.btecsystems.de\/wp-content\/uploads\/sites\/5\/2021\/02\/Bildschirmfoto-2021-02-12-um-13.20.48-345x220.png 345w\" sizes=\"auto, (max-width: 359px) 100vw, 359px\" \/><\/figure>\n\n\n\n<figure class=\"wp-block-image size-large\"><img loading=\"lazy\" decoding=\"async\" width=\"358\" height=\"229\" src=\"https:\/\/brinklake.btecsystems.de\/wp-content\/uploads\/sites\/5\/2021\/02\/Bildschirmfoto-2021-02-12-um-13.20.53.png\" alt=\"\" class=\"wp-image-1063\" srcset=\"https:\/\/brinklake.btecsystems.de\/wp-content\/uploads\/sites\/5\/2021\/02\/Bildschirmfoto-2021-02-12-um-13.20.53.png 358w, https:\/\/brinklake.btecsystems.de\/wp-content\/uploads\/sites\/5\/2021\/02\/Bildschirmfoto-2021-02-12-um-13.20.53-345x221.png 345w\" sizes=\"auto, (max-width: 358px) 100vw, 358px\" \/><\/figure>\n<\/div>\n<\/div>\n<\/div><\/div>\n\n\n\n<div class=\"wp-block-group\"><div class=\"wp-block-group__inner-container is-layout-flow wp-block-group-is-layout-flow\">\n<div class=\"wp-block-columns is-layout-flex wp-container-core-columns-is-layout-9d6595d7 wp-block-columns-is-layout-flex\">\n<div class=\"wp-block-column is-layout-flow wp-block-column-is-layout-flow\" style=\"flex-basis:50%\">\n<p>Mit der Gr\u00fcndung des US-Amerikanischen Unternehmens B-TEC U.S.A., L.L.C. in Scottsdale, Arizona durch Hans-Joachim B\u00f6drich, Michael Bellroth und James Stubert im Jahr 2012 soll dem Anspruch Rechnung getragen werden, die internationale Pr\u00e4senz weiter auszubauen und auf individuelle Kundenw\u00fcnsche und \u2013bed\u00fcrfnisse auch in Nordamerika schnellstm\u00f6glich reagieren zu k\u00f6nnen.<\/p>\n\n\n\n<p>Mit dem Umzug in den neuen Firmensitz in Burgdorf bei Hannover im Jahre 2013, er\u00f6ffnen sich der B-TEC GmbH nun noch bessere M\u00f6glichkeiten, seine Kunden in k\u00fcrzester Zeit mit hochwertigen Produkten zu beliefern und vor Ort Produktschulungen durchf\u00fchren zu k\u00f6nnen.<\/p>\n<\/div>\n\n\n\n<div class=\"wp-block-column is-layout-flow wp-block-column-is-layout-flow\">\n<figure class=\"wp-block-image size-large\"><img loading=\"lazy\" decoding=\"async\" width=\"269\" height=\"120\" src=\"https:\/\/brinklake.btecsystems.de\/wp-content\/uploads\/sites\/5\/2021\/02\/Bildschirmfoto-2021-02-12-um-14.24.49.png\" alt=\"\" class=\"wp-image-1127\"\/><\/figure>\n\n\n\n<figure class=\"wp-block-image size-large\"><img loading=\"lazy\" decoding=\"async\" width=\"271\" height=\"121\" src=\"https:\/\/brinklake.btecsystems.de\/wp-content\/uploads\/sites\/5\/2021\/02\/Bildschirmfoto-2021-02-12-um-14.24.43.png\" alt=\"\" class=\"wp-image-1126\"\/><\/figure>\n<\/div>\n<\/div>\n<\/div><\/div>\n<\/div><\/div>\n<\/div><\/div>\n\n\n\n<div class=\"wp-block-group\"><div class=\"wp-block-group__inner-container is-layout-flow wp-block-group-is-layout-flow\">\n<h2 class=\"wp-block-heading\">Unsere Kunden<\/h2>\n\n\n\n<figure class=\"wp-block-image size-full\"><img loading=\"lazy\" decoding=\"async\" width=\"2000\" height=\"653\" src=\"https:\/\/brinklake.btecsystems.de\/wp-content\/uploads\/sites\/5\/2021\/04\/referenz-map.jpg\" alt=\"\" class=\"wp-image-2778\" srcset=\"https:\/\/brinklake.btecsystems.de\/wp-content\/uploads\/sites\/5\/2021\/04\/referenz-map.jpg 2000w, https:\/\/brinklake.btecsystems.de\/wp-content\/uploads\/sites\/5\/2021\/04\/referenz-map-345x113.jpg 345w, https:\/\/brinklake.btecsystems.de\/wp-content\/uploads\/sites\/5\/2021\/04\/referenz-map-1024x334.jpg 1024w, https:\/\/brinklake.btecsystems.de\/wp-content\/uploads\/sites\/5\/2021\/04\/referenz-map-768x251.jpg 768w, https:\/\/brinklake.btecsystems.de\/wp-content\/uploads\/sites\/5\/2021\/04\/referenz-map-1536x502.jpg 1536w\" sizes=\"auto, (max-width: 2000px) 100vw, 2000px\" \/><\/figure>\n\n\n\n<h4 class=\"wp-block-heading\">B-TEC Produkte sind auf der ganzen Welt im Einsatz.<\/h4>\n\n\n\n<div class=\"wp-block-columns is-layout-flex wp-container-core-columns-is-layout-9d6595d7 wp-block-columns-is-layout-flex\">\n<div class=\"wp-block-column is-layout-flow wp-block-column-is-layout-flow\">\n<ul class=\"wp-block-list\"><li>Airbus Group<\/li><li>Akzo-Nobel<\/li><li>Audi AG<\/li><li>Axalta<\/li><li>AZUR SPACE Solar Power GmbH<\/li><li>BASF<\/li><li>BMW AG<\/li><li>BOSCH<\/li><li>Carl Zeiss<\/li><li>Daimler Chrysler AG<\/li><li>Danfoss A\/S<\/li><li>EDAG Engineering Design AG<\/li><li>Egerland<\/li><\/ul>\n<\/div>\n\n\n\n<div class=\"wp-block-column is-layout-flow wp-block-column-is-layout-flow\">\n<ul class=\"wp-block-list\"><li>EVO-Bus<\/li><li>Fanuc Robotics Europa S.A.<\/li><li>Federal Mogul Corporation<\/li><li>Ford<\/li><li>Hella Innenleuchten Syst. GmbH<\/li><li>H\u00f6rmann Tore<\/li><li>KAESER KOMPRESSOREN SE<\/li><li>Liebherr<\/li><li>Lotus<\/li><li>Lufthansa<\/li><li>Magna<\/li><li>MIPA<\/li><li>Philips<\/li><\/ul>\n<\/div>\n\n\n\n<div class=\"wp-block-column is-layout-flow wp-block-column-is-layout-flow\">\n<ul class=\"wp-block-list\"><li>Porsche<\/li><li>PPG<\/li><li>Renault<\/li><li>Rolls-Royce<\/li><li>Schaeffler Technologies<\/li><li>Seat<\/li><li>Skoda<\/li><li>Toyota<\/li><li>Volkswagen AG<\/li><li>WABCO GmbH<\/li><li>ZF Friedrichshafen AG<\/li><\/ul>\n<\/div>\n<\/div>\n<\/div><\/div>\n","protected":false},"excerpt":{"rendered":"<p>UNSERE MISSION Wir entwickeln und produzieren innovative, umweltfreundliche, ergonomische und hochwertige Systeme und Anlagen f\u00fcr lackverarbeitende Betriebe. Nichts weniger als Perfektion ist dabei unser Anspruch \u2013 f\u00fcr optimalen Arbeitsschutz und h\u00f6chste Kundenzufriedenheit. UNSERE VISION Wir m\u00f6chten Begeisterung schaffen und Arbeitspl\u00e4tze f\u00fcr morgen erm\u00f6glichen: mit Zubeh\u00f6r, das sich ergonomisch anpassen und intuitiv bedienen l\u00e4sst, Ihr f\u00fchrender [&hellip;]<\/p>\n","protected":false},"author":1,"featured_media":0,"parent":0,"menu_order":20,"comment_status":"closed","ping_status":"closed","template":"","meta":{"footnotes":""},"class_list":["post-11","page","type-page","status-publish","hentry"],"_links":{"self":[{"href":"https:\/\/brinklake.btecsystems.de\/de\/wp-json\/wp\/v2\/pages\/11","targetHints":{"allow":["GET"]}}],"collection":[{"href":"https:\/\/brinklake.btecsystems.de\/de\/wp-json\/wp\/v2\/pages"}],"about":[{"href":"https:\/\/brinklake.btecsystems.de\/de\/wp-json\/wp\/v2\/types\/page"}],"author":[{"embeddable":true,"href":"https:\/\/brinklake.btecsystems.de\/de\/wp-json\/wp\/v2\/users\/1"}],"replies":[{"embeddable":true,"href":"https:\/\/brinklake.btecsystems.de\/de\/wp-json\/wp\/v2\/comments?post=11"}],"version-history":[{"count":53,"href":"https:\/\/brinklake.btecsystems.de\/de\/wp-json\/wp\/v2\/pages\/11\/revisions"}],"predecessor-version":[{"id":5342,"href":"https:\/\/brinklake.btecsystems.de\/de\/wp-json\/wp\/v2\/pages\/11\/revisions\/5342"}],"wp:attachment":[{"href":"https:\/\/brinklake.btecsystems.de\/de\/wp-json\/wp\/v2\/media?parent=11"}],"curies":[{"name":"wp","href":"https:\/\/api.w.org\/{rel}","templated":true}]}}